{"id":1123,"date":"2022-08-16T17:31:26","date_gmt":"2022-08-16T15:31:26","guid":{"rendered":"https:\/\/talleresantoniomunoz.com\/?page_id=1123"},"modified":"2026-01-31T20:16:43","modified_gmt":"2026-01-31T18:16:43","slug":"pagina-principal","status":"publish","type":"page","link":"https:\/\/www.talleresantoniomunoz.com\/","title":{"rendered":"P\u00e1gina principal"},"content":{"rendered":"<p>[vc_row type=\u00bbfull-width\u00bb top_margin=\u00bbpage-margin-top-section\u00bb el_class=\u00bbflex-box\u00bb css=\u00bb.vc_custom_1660665771113{background-color: #f5f5f5 !important;}\u00bb][vc_column width=\u00bb1\/2&#8243; css=\u00bb.vc_custom_1660837446379{background-color: #c1c1c1 !important;background-position: center !important;background-repeat: no-repeat !important;background-size: cover !important;}\u00bb][vc_single_image image=\u00bb1644&#8243; img_size=\u00bbfull\u00bb alignment=\u00bbcenter\u00bb][\/vc_column][vc_column width=\u00bb1\/2&#8243; el_class=\u00bbpadding-left-right-100 padding-bottom-66&#8243;]<h2 class=\" box-header page-margin-top-section\">Cuidamos su veh\u00edculo desde 1980<\/h2>[vc_column_text el_class=\u00bbdescription align-center\u00bb]A su disposici\u00f3n nuestro equipo de 12 profesionales y nuestras instalaciones de 1200 m2 para dar un servicio integral a nuestros clientes.<\/p>\n<p>Realizamos todo tipo de reparaciones de mec\u00e1nica, electricidad y chapa, siempre a la vanguardia y con los medios m\u00e1s modernos.[\/vc_column_text][vc_row_inner css=\u00bb.vc_custom_1660666198487{margin-top: 30px !important;}\u00bb][vc_column_inner width=\u00bb1\/3&#8243;]<ul class=\"list\"><\/p>\n<p><li class=\"template-bullet \"><span>Taller multimarca<\/span><\/li><br \/>\n<li class=\"template-bullet \"><span>Formaci\u00f3n continua<\/span><\/li><br \/>\n<li class=\"template-bullet \"><span>Nuevas tecnolog\u00edas e informaci\u00f3n t\u00e9cnica actualizada<\/span><\/li><\/p>\n<p><\/ul>[\/vc_column_inner][vc_column_inner width=\u00bb1\/3&#8243;]<ul class=\"list\"><\/p>\n<p><li class=\"template-bullet \"><span>Adaptaci\u00f3n de veh\u00edculos para discapacitados<\/span><\/li><br \/>\n<li class=\"template-bullet \"><span>Gesti\u00f3n de siniestros con compa\u00f1\u00edas de seguros y de flotas<\/span><\/li><\/p>\n<p><\/ul>[\/vc_column_inner][vc_column_inner width=\u00bb1\/3&#8243;]<ul class=\"list\"><\/p>\n<p><li class=\"template-bullet \"><span>Equipos de diagnosis<\/span><\/li><br \/>\n<li class=\"template-bullet \"><span>Bancada<\/span><\/li><br \/>\n<li class=\"template-bullet \"><span>Equipos de soldadura<\/span><\/li><br \/>\n<li class=\"template-bullet \"><span>Alineaci\u00f3n de veh\u00edculos<\/span><\/li><\/p>\n<p><\/ul>[\/vc_column_inner][\/vc_row_inner][\/vc_column][\/vc_row][vc_row top_margin=\u00bbpage-margin-top-section\u00bb][vc_column]<h2 class=\" box-header\">\u00bfPor qu\u00e9 nosotros?<\/h2>[vc_column_text el_class=\u00bbdescription align-center\u00bb]<\/p>\n<p>Podemos garantizar la mejor calidad y satisfacci\u00f3n del cliente, porque poseemos la m\u00e1s moderna tecnolog\u00eda y nuestros profesionales est\u00e1n en continua formaci\u00f3n<\/p>\n<p>[\/vc_column_text][vc_row_inner top_margin=\u00bbpage-margin-top\u00bb][vc_column_inner width=\u00bb1\/3&#8243;]<div class=\"feature-item feature-item-big\"><div class=\"hexagon\"><div class=\"sl-small-car-key\"><\/div><\/div><h4 class=\"box-header\">La mejor atenci\u00f3n<\/h4><p>Tenemos muy f\u00e1cil acceso desde cualquier punto de Jerez, con c\u00f3moda zona de espera y recepci\u00f3n para clientes, donde ser\u00e1n atendidos con la mejor atenci\u00f3n y esmero.<\/p><\/div>[\/vc_column_inner][vc_column_inner width=\u00bb1\/3&#8243;]<div class=\"feature-item feature-item-big\"><div class=\"hexagon\"><div class=\"sl-small-check\"><\/div><\/div><h4 class=\"box-header\">Calidad y garant\u00eda<\/h4><p>Trabajamos desde 1980 para proporcionar a nuestros clientes la mejor calidad y garant\u00eda a las reparaciones de sus veh\u00edculos<\/p><\/div>[\/vc_column_inner][vc_column_inner width=\u00bb1\/3&#8243;]<div class=\"feature-item feature-item-big\"><div class=\"hexagon\"><div class=\"sl-small-seatbelt-lock\"><\/div><\/div><h4 class=\"box-header\">Adaptaci\u00f3n de vehiculos para discapacitados<\/h4><p>Disponemos de los mejores productos para adaptar su veh\u00edculo a las necesidades de nuestros clientes con movilidad reducida.<\/p><\/div>[\/vc_column_inner][\/vc_row_inner][\/vc_column][\/vc_row]<\/p>\n","protected":false},"excerpt":{"rendered":"<p>[vc_row type=\u00bbfull-width\u00bb top_margin=\u00bbpage-margin-top-section\u00bb el_class=\u00bbflex-box\u00bb css=\u00bb.vc_custom_1660665771113{background-color: #f5f5f5 !important;}\u00bb][vc_column width=\u00bb1\/2&#8243; css=\u00bb.vc_custom_1660837446379{background-color: #c1c1c1 !important;background-position: center !important;background-repeat: no-repeat !important;background-size: cover !important;}\u00bb][vc_single_image image=\u00bb1644&#8243; img_size=\u00bbfull\u00bb alignment=\u00bbcenter\u00bb][\/vc_column][vc_column width=\u00bb1\/2&#8243; el_class=\u00bbpadding-left-right-100 padding-bottom-66&#8243;][vc_column_text el_class=\u00bbdescription align-center\u00bb]A su disposici\u00f3n nuestro equipo de 12 profesionales y nuestras instalaciones de 1200 m2 para dar un servicio integral a nuestros clientes. Realizamos todo tipo de reparaciones de mec\u00e1nica, electricidad y<\/p>\n","protected":false},"author":1,"featured_media":0,"parent":0,"menu_order":0,"comment_status":"closed","ping_status":"closed","template":"template-default-without-breadcrumbs.php","meta":[],"_links":{"self":[{"href":"https:\/\/www.talleresantoniomunoz.com\/index.php?rest_route=\/wp\/v2\/pages\/1123"}],"collection":[{"href":"https:\/\/www.talleresantoniomunoz.com\/index.php?rest_route=\/wp\/v2\/pages"}],"about":[{"href":"https:\/\/www.talleresantoniomunoz.com\/index.php?rest_route=\/wp\/v2\/types\/page"}],"author":[{"embeddable":true,"href":"https:\/\/www.talleresantoniomunoz.com\/index.php?rest_route=\/wp\/v2\/users\/1"}],"replies":[{"embeddable":true,"href":"https:\/\/www.talleresantoniomunoz.com\/index.php?rest_route=%2Fwp%2Fv2%2Fcomments&post=1123"}],"version-history":[{"count":30,"href":"https:\/\/www.talleresantoniomunoz.com\/index.php?rest_route=\/wp\/v2\/pages\/1123\/revisions"}],"predecessor-version":[{"id":1679,"href":"https:\/\/www.talleresantoniomunoz.com\/index.php?rest_route=\/wp\/v2\/pages\/1123\/revisions\/1679"}],"wp:attachment":[{"href":"https:\/\/www.talleresantoniomunoz.com\/index.php?rest_route=%2Fwp%2Fv2%2Fmedia&parent=1123"}],"curies":[{"name":"wp","href":"https:\/\/api.w.org\/{rel}","templated":true}]}}